{"id":851,"date":"2016-06-30T17:48:08","date_gmt":"2016-06-30T17:48:08","guid":{"rendered":"http:\/\/brifat.pt\/contactos\/"},"modified":"2017-09-08T12:41:43","modified_gmt":"2017-09-08T11:41:43","slug":"contactos","status":"publish","type":"page","link":"http:\/\/brifat.pt\/en\/contactos\/","title":{"rendered":"Contacts"},"content":{"rendered":"<p>[vc_row][vc_column][vc_raw_html]JTNDZGl2JTIwY2xhc3MlM0QlMjJvdmVybGF5JTIyJTIwb25DbGljayUzRCUyMnN0eWxlLnBvaW50ZXJFdmVudHMlM0QlMjdub25lJTI3JTIyJTNFJTNDJTJGZGl2JTNFJTBBJTNDaWZyYW1lJTIwc3JjJTNEJTIyaHR0cHMlM0ElMkYlMkZ3d3cuZ29vZ2xlLmNvbSUyRm1hcHMlMkZlbWJlZCUzRnBiJTNEJTIxMW0xOCUyMTFtMTIlMjExbTMlMjExZDE3Mzg5LjU4NTM4ODQyMTc1OCUyMTJkLTguNjc0MjQ2NTI3NTQwNjIzJTIxM2QzOS42MDMwMjgxMjMwNDMxOSUyMTJtMyUyMTFmMCUyMTJmMCUyMTNmMCUyMTNtMiUyMTFpMTAyNCUyMTJpNzY4JTIxNGYxMy4xJTIxM20zJTIxMW0yJTIxMXMweGQxODlkMmM3MzA2ODE0ZiUyNTNBMHg5Y2RkNWRiYWJkZWViZDZiJTIxMnNCcmlmYXQtYnJpdGFzJTJCRSUyQlRyYW5zcG9ydGVzJTJCU2ElMjE1ZTAlMjEzbTIlMjExc3B0LVBUJTIxMnNwdCUyMTR2MTQ2NzM2OTA3ODAxOCUyMiUyMHdpZHRoJTNEJTIyMTAwJTI1JTIyJTIwaGVpZ2h0JTNEJTIyNDAwJTIyJTIwZnJhbWVib3JkZXIlM0QlMjIwJTIyJTIwc3R5bGUlM0QlMjJib3JkZXIlM0EwJTIyJTIwYWxsb3dmdWxsc2NyZWVuJTNFJTNDJTJGaWZyYW1lJTNF[\/vc_raw_html][\/vc_column][\/vc_row][vc_row][vc_column][vc_empty_space][\/vc_column][\/vc_row][vc_row][vc_column width=&#8221;4\/12&#8243;][vc_column_text]<strong>BRIFAT \u2013 BRITAS E TRANSPORTES,\u00a0LDA.<\/strong><\/p>\n<p><strong><i class=\"fa fa-map-marker fa- \" ><\/i>\u00a0<\/strong>Estrada da Giesteira,\u00a0Apartado 52,<\/p>\n<p>2495 \u2013 909 F\u00e1tima,\u00a0Portugal<\/p>\n<p>&nbsp;<\/p>\n<p><strong><i class=\"fa fa-phone fa- \" ><\/i><\/strong>\u00a0+351 249 521 611<\/p>\n<p><strong><i class=\"fa fa-mobile fa- \" ><\/i>\u00a0<\/strong>+351 911 801 400 \/ +351 911 801 408<\/p>\n<p><strong><i class=\"fa fa-envelope fa- \" ><\/i><\/strong>\u00a0<a href=\"mailto:brifat@brifat.pt\">brifat@brifat.pt<\/a>[\/vc_column_text][\/vc_column][vc_column width=&#8221;8\/12&#8243;]<h4 class='' ><span>Contact us<\/span><\/h4><div role=\"form\" class=\"wpcf7\" id=\"wpcf7-f846-o1\" lang=\"en-US\" dir=\"ltr\">\n<div class=\"screen-reader-response\"><\/div>\n<form action=\"\/en\/wp-json\/wp\/v2\/pages\/851#wpcf7-f846-o1\" method=\"post\" class=\"wpcf7-form\" novalidate=\"novalidate\">\n<div style=\"display: none;\">\n<input type=\"hidden\" name=\"_wpcf7\" value=\"846\" \/>\n<input type=\"hidden\" name=\"_wpcf7_version\" value=\"4.7\" \/>\n<input type=\"hidden\" name=\"_wpcf7_locale\" value=\"en_US\" \/>\n<input type=\"hidden\" name=\"_wpcf7_unit_tag\" value=\"wpcf7-f846-o1\" \/>\n<input type=\"hidden\" name=\"_wpnonce\" value=\"2cb4ca1d52\" \/>\n<\/div>\n<div class=\"col-sm-5 noleftpadding\">\n<p><span class=\"wpcf7-form-control-wrap your-name\"><input type=\"text\" name=\"your-name\" value=\"\" size=\"40\" class=\"wpcf7-form-control wpcf7-text wpcf7-validates-as-required\" aria-required=\"true\" aria-invalid=\"false\" placeholder=\"Name*\" \/><\/span> <\/p>\n<p><span class=\"wpcf7-form-control-wrap your-email\"><input type=\"email\" name=\"your-email\" value=\"\" size=\"40\" class=\"wpcf7-form-control wpcf7-text wpcf7-email wpcf7-validates-as-required wpcf7-validates-as-email\" aria-required=\"true\" aria-invalid=\"false\" placeholder=\"Email*\" \/><\/span> <\/p>\n<p><span class=\"wpcf7-form-control-wrap your-subject\"><input type=\"text\" name=\"your-subject\" value=\"\" size=\"40\" class=\"wpcf7-form-control wpcf7-text\" aria-invalid=\"false\" placeholder=\"Subject*\" \/><\/span> <\/p>\n<\/div>\n<div class=\"col-sm-7 norightpadding\">\n<p><span class=\"wpcf7-form-control-wrap your-message\"><textarea name=\"your-message\" cols=\"25\" rows=\"3\" class=\"wpcf7-form-control wpcf7-textarea\" aria-invalid=\"false\" placeholder=\"Message*\"><\/textarea><\/span> <\/p>\n<p><input type=\"submit\" value=\"SEND MESSAGE\" class=\"wpcf7-form-control wpcf7-submit\" \/><\/p>\n<\/div>\n<div class=\"wpcf7-response-output wpcf7-display-none\"><\/div><\/form><\/div>[\/vc_column][\/vc_row]<\/p>\n","protected":false},"excerpt":{"rendered":"<p>[vc_row][vc_column][vc_raw_html]JTNDZGl2JTIwY2xhc3MlM0QlMjJvdmVybGF5JTIyJTIwb25DbGljayUzRCUyMnN0eWxlLnBvaW50ZXJFdmVudHMlM0QlMjdub25lJTI3JTIyJTNFJTNDJTJGZGl2JTNFJTBBJTNDaWZyYW1lJTIwc3JjJTNEJTIyaHR0cHMlM0ElMkYlMkZ3d3cuZ29vZ2xlLmNvbSUyRm1hcHMlMkZlbWJlZCUzRnBiJTNEJTIxMW0xOCUyMTFtMTIlMjExbTMlMjExZDE3Mzg5LjU4NTM4ODQyMTc1OCUyMTJkLTguNjc0MjQ2NTI3NTQwNjIzJTIxM2QzOS42MDMwMjgxMjMwNDMxOSUyMTJtMyUyMTFmMCUyMTJmMCUyMTNmMCUyMTNtMiUyMTFpMTAyNCUyMTJpNzY4JTIxNGYxMy4xJTIxM20zJTIxMW0yJTIxMXMweGQxODlkMmM3MzA2ODE0ZiUyNTNBMHg5Y2RkNWRiYWJkZWViZDZiJTIxMnNCcmlmYXQtYnJpdGFzJTJCRSUyQlRyYW5zcG9ydGVzJTJCU2ElMjE1ZTAlMjEzbTIlMjExc3B0LVBUJTIxMnNwdCUyMTR2MTQ2NzM2OTA3ODAxOCUyMiUyMHdpZHRoJTNEJTIyMTAwJTI1JTIyJTIwaGVpZ2h0JTNEJTIyNDAwJTIyJTIwZnJhbWVib3JkZXIlM0QlMjIwJTIyJTIwc3R5bGUlM0QlMjJib3JkZXIlM0EwJTIyJTIwYWxsb3dmdWxsc2NyZWVuJTNFJTNDJTJGaWZyYW1lJTNF[\/vc_raw_html][\/vc_column][\/vc_row][vc_row][vc_column][vc_empty_space][\/vc_column][\/vc_row][vc_row][vc_column width=&#8221;4\/12&#8243;][vc_column_text]BRIFAT \u2013 BRITAS E TRANSPORTES,\u00a0LDA. \u00a0Estrada da Giesteira,\u00a0Apartado 52, 2495 \u2013 909 F\u00e1tima,\u00a0Portugal &nbsp; \u00a0+351 249 521 611 \u00a0+351 911 801 400 \/ +351 911 801 408 \u00a0brifat@brifat.pt[\/vc_column_text][\/vc_column][vc_column width=&#8221;8\/12&#8243;][\/vc_column][\/vc_row]<\/p>\n","protected":false},"author":1,"featured_media":0,"parent":0,"menu_order":0,"comment_status":"closed","ping_status":"closed","template":"","meta":[],"yoast_head":"<!-- This site is optimized with the Yoast SEO plugin v17.8 - https:\/\/yoast.com\/wordpress\/plugins\/seo\/ -->\n<title>Contacts - Brifat - Britas e Transportes, Lda.<\/title>\n<meta name=\"robots\" content=\"index, follow, max-snippet:-1, max-image-preview:large, max-video-preview:-1\" \/>\n<link rel=\"canonical\" href=\"http:\/\/brifat.pt\/en\/contactos\/\" \/>\n<meta property=\"og:locale\" content=\"en_US\" \/>\n<meta property=\"og:type\" content=\"article\" \/>\n<meta property=\"og:title\" content=\"Contacts - Brifat - Britas e Transportes, Lda.\" \/>\n<meta property=\"og:description\" content=\"[vc_row][vc_column][vc_raw_html]JTNDZGl2JTIwY2xhc3MlM0QlMjJvdmVybGF5JTIyJTIwb25DbGljayUzRCUyMnN0eWxlLnBvaW50ZXJFdmVudHMlM0QlMjdub25lJTI3JTIyJTNFJTNDJTJGZGl2JTNFJTBBJTNDaWZyYW1lJTIwc3JjJTNEJTIyaHR0cHMlM0ElMkYlMkZ3d3cuZ29vZ2xlLmNvbSUyRm1hcHMlMkZlbWJlZCUzRnBiJTNEJTIxMW0xOCUyMTFtMTIlMjExbTMlMjExZDE3Mzg5LjU4NTM4ODQyMTc1OCUyMTJkLTguNjc0MjQ2NTI3NTQwNjIzJTIxM2QzOS42MDMwMjgxMjMwNDMxOSUyMTJtMyUyMTFmMCUyMTJmMCUyMTNmMCUyMTNtMiUyMTFpMTAyNCUyMTJpNzY4JTIxNGYxMy4xJTIxM20zJTIxMW0yJTIxMXMweGQxODlkMmM3MzA2ODE0ZiUyNTNBMHg5Y2RkNWRiYWJkZWViZDZiJTIxMnNCcmlmYXQtYnJpdGFzJTJCRSUyQlRyYW5zcG9ydGVzJTJCU2ElMjE1ZTAlMjEzbTIlMjExc3B0LVBUJTIxMnNwdCUyMTR2MTQ2NzM2OTA3ODAxOCUyMiUyMHdpZHRoJTNEJTIyMTAwJTI1JTIyJTIwaGVpZ2h0JTNEJTIyNDAwJTIyJTIwZnJhbWVib3JkZXIlM0QlMjIwJTIyJTIwc3R5bGUlM0QlMjJib3JkZXIlM0EwJTIyJTIwYWxsb3dmdWxsc2NyZWVuJTNFJTNDJTJGaWZyYW1lJTNF[\/vc_raw_html][\/vc_column][\/vc_row][vc_row][vc_column][vc_empty_space][\/vc_column][\/vc_row][vc_row][vc_column width=&#8221;4\/12&#8243;][vc_column_text]BRIFAT \u2013 BRITAS E TRANSPORTES,\u00a0LDA. \u00a0Estrada da Giesteira,\u00a0Apartado 52, 2495 \u2013 909 F\u00e1tima,\u00a0Portugal &nbsp; \u00a0+351 249 521 611 \u00a0+351 911 801 400 \/ +351 911 801 408 \u00a0brifat@brifat.pt[\/vc_column_text][\/vc_column][vc_column width=&#8221;8\/12&#8243;][\/vc_column][\/vc_row]\" \/>\n<meta property=\"og:url\" content=\"http:\/\/brifat.pt\/en\/contactos\/\" \/>\n<meta property=\"og:site_name\" content=\"Brifat - Britas e Transportes, Lda.\" \/>\n<meta property=\"article:modified_time\" content=\"2017-09-08T11:41:43+00:00\" \/>\n<meta name=\"twitter:card\" content=\"summary_large_image\" \/>\n<meta name=\"twitter:label1\" content=\"Est. reading time\" \/>\n\t<meta name=\"twitter:data1\" content=\"1 minute\" \/>\n<script type=\"application\/ld+json\" class=\"yoast-schema-graph\">{\"@context\":\"https:\/\/schema.org\",\"@graph\":[{\"@type\":\"WebSite\",\"@id\":\"https:\/\/brifat.pt\/#website\",\"url\":\"https:\/\/brifat.pt\/\",\"name\":\"Brifat - Britas e Transportes, Lda.\",\"description\":\"Comercializa\\u00e7\\u00e3o de britas, tout-venant, filler e pedra ornamental de origem calc\\u00e1ria.\",\"potentialAction\":[{\"@type\":\"SearchAction\",\"target\":{\"@type\":\"EntryPoint\",\"urlTemplate\":\"https:\/\/brifat.pt\/?s={search_term_string}\"},\"query-input\":\"required name=search_term_string\"}],\"inLanguage\":\"en-US\"},{\"@type\":\"WebPage\",\"@id\":\"http:\/\/brifat.pt\/en\/contactos\/#webpage\",\"url\":\"http:\/\/brifat.pt\/en\/contactos\/\",\"name\":\"Contacts - Brifat - Britas e Transportes, Lda.\",\"isPartOf\":{\"@id\":\"https:\/\/brifat.pt\/#website\"},\"datePublished\":\"2016-06-30T17:48:08+00:00\",\"dateModified\":\"2017-09-08T11:41:43+00:00\",\"breadcrumb\":{\"@id\":\"http:\/\/brifat.pt\/en\/contactos\/#breadcrumb\"},\"inLanguage\":\"en-US\",\"potentialAction\":[{\"@type\":\"ReadAction\",\"target\":[\"http:\/\/brifat.pt\/en\/contactos\/\"]}]},{\"@type\":\"BreadcrumbList\",\"@id\":\"http:\/\/brifat.pt\/en\/contactos\/#breadcrumb\",\"itemListElement\":[{\"@type\":\"ListItem\",\"position\":1,\"name\":\"In\\u00edcio\",\"item\":\"http:\/\/brifat.pt\/en\/\"},{\"@type\":\"ListItem\",\"position\":2,\"name\":\"Contacts\"}]}]}<\/script>\n<!-- \/ Yoast SEO plugin. -->","yoast_head_json":{"title":"Contacts - Brifat - Britas e Transportes, Lda.","robots":{"index":"index","follow":"follow","max-snippet":"max-snippet:-1","max-image-preview":"max-image-preview:large","max-video-preview":"max-video-preview:-1"},"canonical":"http:\/\/brifat.pt\/en\/contactos\/","og_locale":"en_US","og_type":"article","og_title":"Contacts - Brifat - Britas e Transportes, Lda.","og_description":"[vc_row][vc_column][vc_raw_html]JTNDZGl2JTIwY2xhc3MlM0QlMjJvdmVybGF5JTIyJTIwb25DbGljayUzRCUyMnN0eWxlLnBvaW50ZXJFdmVudHMlM0QlMjdub25lJTI3JTIyJTNFJTNDJTJGZGl2JTNFJTBBJTNDaWZyYW1lJTIwc3JjJTNEJTIyaHR0cHMlM0ElMkYlMkZ3d3cuZ29vZ2xlLmNvbSUyRm1hcHMlMkZlbWJlZCUzRnBiJTNEJTIxMW0xOCUyMTFtMTIlMjExbTMlMjExZDE3Mzg5LjU4NTM4ODQyMTc1OCUyMTJkLTguNjc0MjQ2NTI3NTQwNjIzJTIxM2QzOS42MDMwMjgxMjMwNDMxOSUyMTJtMyUyMTFmMCUyMTJmMCUyMTNmMCUyMTNtMiUyMTFpMTAyNCUyMTJpNzY4JTIxNGYxMy4xJTIxM20zJTIxMW0yJTIxMXMweGQxODlkMmM3MzA2ODE0ZiUyNTNBMHg5Y2RkNWRiYWJkZWViZDZiJTIxMnNCcmlmYXQtYnJpdGFzJTJCRSUyQlRyYW5zcG9ydGVzJTJCU2ElMjE1ZTAlMjEzbTIlMjExc3B0LVBUJTIxMnNwdCUyMTR2MTQ2NzM2OTA3ODAxOCUyMiUyMHdpZHRoJTNEJTIyMTAwJTI1JTIyJTIwaGVpZ2h0JTNEJTIyNDAwJTIyJTIwZnJhbWVib3JkZXIlM0QlMjIwJTIyJTIwc3R5bGUlM0QlMjJib3JkZXIlM0EwJTIyJTIwYWxsb3dmdWxsc2NyZWVuJTNFJTNDJTJGaWZyYW1lJTNF[\/vc_raw_html][\/vc_column][\/vc_row][vc_row][vc_column][vc_empty_space][\/vc_column][\/vc_row][vc_row][vc_column width=&#8221;4\/12&#8243;][vc_column_text]BRIFAT \u2013 BRITAS E TRANSPORTES,\u00a0LDA. \u00a0Estrada da Giesteira,\u00a0Apartado 52, 2495 \u2013 909 F\u00e1tima,\u00a0Portugal &nbsp; \u00a0+351 249 521 611 \u00a0+351 911 801 400 \/ +351 911 801 408 \u00a0brifat@brifat.pt[\/vc_column_text][\/vc_column][vc_column width=&#8221;8\/12&#8243;][\/vc_column][\/vc_row]","og_url":"http:\/\/brifat.pt\/en\/contactos\/","og_site_name":"Brifat - Britas e Transportes, Lda.","article_modified_time":"2017-09-08T11:41:43+00:00","twitter_card":"summary_large_image","twitter_misc":{"Est. reading time":"1 minute"},"schema":{"@context":"https:\/\/schema.org","@graph":[{"@type":"WebSite","@id":"https:\/\/brifat.pt\/#website","url":"https:\/\/brifat.pt\/","name":"Brifat - Britas e Transportes, Lda.","description":"Comercializa\u00e7\u00e3o de britas, tout-venant, filler e pedra ornamental de origem calc\u00e1ria.","potentialAction":[{"@type":"SearchAction","target":{"@type":"EntryPoint","urlTemplate":"https:\/\/brifat.pt\/?s={search_term_string}"},"query-input":"required name=search_term_string"}],"inLanguage":"en-US"},{"@type":"WebPage","@id":"http:\/\/brifat.pt\/en\/contactos\/#webpage","url":"http:\/\/brifat.pt\/en\/contactos\/","name":"Contacts - Brifat - Britas e Transportes, Lda.","isPartOf":{"@id":"https:\/\/brifat.pt\/#website"},"datePublished":"2016-06-30T17:48:08+00:00","dateModified":"2017-09-08T11:41:43+00:00","breadcrumb":{"@id":"http:\/\/brifat.pt\/en\/contactos\/#breadcrumb"},"inLanguage":"en-US","potentialAction":[{"@type":"ReadAction","target":["http:\/\/brifat.pt\/en\/contactos\/"]}]},{"@type":"BreadcrumbList","@id":"http:\/\/brifat.pt\/en\/contactos\/#breadcrumb","itemListElement":[{"@type":"ListItem","position":1,"name":"In\u00edcio","item":"http:\/\/brifat.pt\/en\/"},{"@type":"ListItem","position":2,"name":"Contacts"}]}]}},"_links":{"self":[{"href":"http:\/\/brifat.pt\/en\/wp-json\/wp\/v2\/pages\/851"}],"collection":[{"href":"http:\/\/brifat.pt\/en\/wp-json\/wp\/v2\/pages"}],"about":[{"href":"http:\/\/brifat.pt\/en\/wp-json\/wp\/v2\/types\/page"}],"author":[{"embeddable":true,"href":"http:\/\/brifat.pt\/en\/wp-json\/wp\/v2\/users\/1"}],"replies":[{"embeddable":true,"href":"http:\/\/brifat.pt\/en\/wp-json\/wp\/v2\/comments?post=851"}],"version-history":[{"count":4,"href":"http:\/\/brifat.pt\/en\/wp-json\/wp\/v2\/pages\/851\/revisions"}],"predecessor-version":[{"id":1060,"href":"http:\/\/brifat.pt\/en\/wp-json\/wp\/v2\/pages\/851\/revisions\/1060"}],"wp:attachment":[{"href":"http:\/\/brifat.pt\/en\/wp-json\/wp\/v2\/media?parent=851"}],"curies":[{"name":"wp","href":"https:\/\/api.w.org\/{rel}","templated":true}]}}