{"id":857,"date":"2016-06-30T17:47:16","date_gmt":"2016-06-30T17:47:16","guid":{"rendered":"http:\/\/brifat.pt\/galeria\/"},"modified":"2017-05-23T17:39:55","modified_gmt":"2017-05-23T17:39:55","slug":"galeria","status":"publish","type":"page","link":"http:\/\/brifat.pt\/en\/galeria\/","title":{"rendered":"Gallery"},"content":{"rendered":"<p>[vc_row][vc_column][vc_basic_grid post_type=&#8221;post&#8221; max_items=&#8221;-1&#8243; style=&#8221;lazy&#8221; items_per_page=&#8221;8&#8243; element_width=&#8221;3&#8243; item=&#8221;mediaGrid_SimpleOverlay&#8221; grid_id=&#8221;vc_gid:1495561271844-5e01162c-cb50-5&#8243;][\/vc_column][\/vc_row]<\/p>\n","protected":false},"excerpt":{"rendered":"<p>[vc_row][vc_column][vc_basic_grid post_type=&#8221;post&#8221; max_items=&#8221;-1&#8243; style=&#8221;lazy&#8221; items_per_page=&#8221;8&#8243; element_width=&#8221;3&#8243; item=&#8221;mediaGrid_SimpleOverlay&#8221; grid_id=&#8221;vc_gid:1495561271844-5e01162c-cb50-5&#8243;][\/vc_column][\/vc_row]<\/p>\n","protected":false},"author":1,"featured_media":0,"parent":0,"menu_order":0,"comment_status":"closed","ping_status":"closed","template":"","meta":[],"yoast_head":"<!-- This site is optimized with the Yoast SEO plugin v17.8 - https:\/\/yoast.com\/wordpress\/plugins\/seo\/ -->\n<title>Gallery - Brifat - Britas e Transportes, Lda.<\/title>\n<meta name=\"robots\" content=\"index, follow, max-snippet:-1, max-image-preview:large, max-video-preview:-1\" \/>\n<link rel=\"canonical\" href=\"http:\/\/brifat.pt\/en\/galeria\/\" \/>\n<meta property=\"og:locale\" content=\"en_US\" \/>\n<meta property=\"og:type\" content=\"article\" \/>\n<meta property=\"og:title\" content=\"Gallery - Brifat - Britas e Transportes, Lda.\" \/>\n<meta property=\"og:description\" content=\"[vc_row][vc_column][vc_basic_grid post_type=&#8221;post&#8221; max_items=&#8221;-1&#8243; style=&#8221;lazy&#8221; items_per_page=&#8221;8&#8243; element_width=&#8221;3&#8243; item=&#8221;mediaGrid_SimpleOverlay&#8221; grid_id=&#8221;vc_gid:1495561271844-5e01162c-cb50-5&#8243;][\/vc_column][\/vc_row]\" \/>\n<meta property=\"og:url\" content=\"http:\/\/brifat.pt\/en\/galeria\/\" \/>\n<meta property=\"og:site_name\" content=\"Brifat - Britas e Transportes, Lda.\" \/>\n<meta property=\"article:modified_time\" content=\"2017-05-23T17:39:55+00:00\" \/>\n<meta name=\"twitter:card\" content=\"summary_large_image\" \/>\n<script type=\"application\/ld+json\" class=\"yoast-schema-graph\">{\"@context\":\"https:\/\/schema.org\",\"@graph\":[{\"@type\":\"WebSite\",\"@id\":\"https:\/\/brifat.pt\/#website\",\"url\":\"https:\/\/brifat.pt\/\",\"name\":\"Brifat - Britas e Transportes, Lda.\",\"description\":\"Comercializa\\u00e7\\u00e3o de britas, tout-venant, filler e pedra ornamental de origem calc\\u00e1ria.\",\"potentialAction\":[{\"@type\":\"SearchAction\",\"target\":{\"@type\":\"EntryPoint\",\"urlTemplate\":\"https:\/\/brifat.pt\/?s={search_term_string}\"},\"query-input\":\"required name=search_term_string\"}],\"inLanguage\":\"en-US\"},{\"@type\":\"WebPage\",\"@id\":\"http:\/\/brifat.pt\/en\/galeria\/#webpage\",\"url\":\"http:\/\/brifat.pt\/en\/galeria\/\",\"name\":\"Gallery - Brifat - Britas e Transportes, Lda.\",\"isPartOf\":{\"@id\":\"https:\/\/brifat.pt\/#website\"},\"datePublished\":\"2016-06-30T17:47:16+00:00\",\"dateModified\":\"2017-05-23T17:39:55+00:00\",\"breadcrumb\":{\"@id\":\"http:\/\/brifat.pt\/en\/galeria\/#breadcrumb\"},\"inLanguage\":\"en-US\",\"potentialAction\":[{\"@type\":\"ReadAction\",\"target\":[\"http:\/\/brifat.pt\/en\/galeria\/\"]}]},{\"@type\":\"BreadcrumbList\",\"@id\":\"http:\/\/brifat.pt\/en\/galeria\/#breadcrumb\",\"itemListElement\":[{\"@type\":\"ListItem\",\"position\":1,\"name\":\"In\\u00edcio\",\"item\":\"http:\/\/brifat.pt\/en\/\"},{\"@type\":\"ListItem\",\"position\":2,\"name\":\"Gallery\"}]}]}<\/script>\n<!-- \/ Yoast SEO plugin. -->","yoast_head_json":{"title":"Gallery - Brifat - Britas e Transportes, Lda.","robots":{"index":"index","follow":"follow","max-snippet":"max-snippet:-1","max-image-preview":"max-image-preview:large","max-video-preview":"max-video-preview:-1"},"canonical":"http:\/\/brifat.pt\/en\/galeria\/","og_locale":"en_US","og_type":"article","og_title":"Gallery - Brifat - Britas e Transportes, Lda.","og_description":"[vc_row][vc_column][vc_basic_grid post_type=&#8221;post&#8221; max_items=&#8221;-1&#8243; style=&#8221;lazy&#8221; items_per_page=&#8221;8&#8243; element_width=&#8221;3&#8243; item=&#8221;mediaGrid_SimpleOverlay&#8221; grid_id=&#8221;vc_gid:1495561271844-5e01162c-cb50-5&#8243;][\/vc_column][\/vc_row]","og_url":"http:\/\/brifat.pt\/en\/galeria\/","og_site_name":"Brifat - Britas e Transportes, Lda.","article_modified_time":"2017-05-23T17:39:55+00:00","twitter_card":"summary_large_image","schema":{"@context":"https:\/\/schema.org","@graph":[{"@type":"WebSite","@id":"https:\/\/brifat.pt\/#website","url":"https:\/\/brifat.pt\/","name":"Brifat - Britas e Transportes, Lda.","description":"Comercializa\u00e7\u00e3o de britas, tout-venant, filler e pedra ornamental de origem calc\u00e1ria.","potentialAction":[{"@type":"SearchAction","target":{"@type":"EntryPoint","urlTemplate":"https:\/\/brifat.pt\/?s={search_term_string}"},"query-input":"required name=search_term_string"}],"inLanguage":"en-US"},{"@type":"WebPage","@id":"http:\/\/brifat.pt\/en\/galeria\/#webpage","url":"http:\/\/brifat.pt\/en\/galeria\/","name":"Gallery - Brifat - Britas e Transportes, Lda.","isPartOf":{"@id":"https:\/\/brifat.pt\/#website"},"datePublished":"2016-06-30T17:47:16+00:00","dateModified":"2017-05-23T17:39:55+00:00","breadcrumb":{"@id":"http:\/\/brifat.pt\/en\/galeria\/#breadcrumb"},"inLanguage":"en-US","potentialAction":[{"@type":"ReadAction","target":["http:\/\/brifat.pt\/en\/galeria\/"]}]},{"@type":"BreadcrumbList","@id":"http:\/\/brifat.pt\/en\/galeria\/#breadcrumb","itemListElement":[{"@type":"ListItem","position":1,"name":"In\u00edcio","item":"http:\/\/brifat.pt\/en\/"},{"@type":"ListItem","position":2,"name":"Gallery"}]}]}},"_links":{"self":[{"href":"http:\/\/brifat.pt\/en\/wp-json\/wp\/v2\/pages\/857"}],"collection":[{"href":"http:\/\/brifat.pt\/en\/wp-json\/wp\/v2\/pages"}],"about":[{"href":"http:\/\/brifat.pt\/en\/wp-json\/wp\/v2\/types\/page"}],"author":[{"embeddable":true,"href":"http:\/\/brifat.pt\/en\/wp-json\/wp\/v2\/users\/1"}],"replies":[{"embeddable":true,"href":"http:\/\/brifat.pt\/en\/wp-json\/wp\/v2\/comments?post=857"}],"version-history":[{"count":3,"href":"http:\/\/brifat.pt\/en\/wp-json\/wp\/v2\/pages\/857\/revisions"}],"predecessor-version":[{"id":1026,"href":"http:\/\/brifat.pt\/en\/wp-json\/wp\/v2\/pages\/857\/revisions\/1026"}],"wp:attachment":[{"href":"http:\/\/brifat.pt\/en\/wp-json\/wp\/v2\/media?parent=857"}],"curies":[{"name":"wp","href":"https:\/\/api.w.org\/{rel}","templated":true}]}}