{"id":848,"date":"2017-05-09T15:28:29","date_gmt":"2017-05-09T15:28:29","guid":{"rendered":"http:\/\/brifat.pt\/?post_type=product&#038;p=848\/"},"modified":"2017-05-09T15:33:18","modified_gmt":"2017-05-09T15:33:18","slug":"produto-exemplo-1-copia","status":"publish","type":"product","link":"http:\/\/brifat.pt\/en\/products\/blocks\/produto-exemplo-1-copia\/","title":{"rendered":"Produto Exemplo 2"},"content":{"rendered":"<p>Lorem ipsum dolor sit amet, consectetur adipiscing elit. Nullam viverra felis nisi, ac elementum lectus consequat in. Praesent sit amet mollis quam. Quisque at risus fermentum, posuere massa et, tincidunt arcu. Fusce purus enim, condimentum vel neque in, convallis finibus nulla. Aenean nec faucibus lectus. Proin rutrum mauris metus, eu interdum elit congue ac. Fusce mattis in purus quis cursus. Pellentesque imperdiet tempor metus non mattis. In posuere lectus lacus, id varius risus elementum quis.<\/p>\n","protected":false},"excerpt":{"rendered":"<p>Lorem ipsum dolor sit amet, consectetur adipiscing elit. Nullam viverra felis nisi, ac elementum lectus consequat in. Praesent sit amet mollis quam. Quisque at risus fermentum, posuere massa et, tincidunt arcu. Fusce purus enim, condimentum vel neque in, convallis finibus&#8230;<\/p>\n","protected":false},"featured_media":0,"template":"","meta":[],"yoast_head":"<!-- This site is optimized with the Yoast SEO plugin v17.8 - https:\/\/yoast.com\/wordpress\/plugins\/seo\/ -->\n<title>Produto Exemplo 2 - Brifat - Britas e Transportes, Lda.<\/title>\n<meta name=\"robots\" content=\"index, follow, max-snippet:-1, max-image-preview:large, max-video-preview:-1\" \/>\n<link rel=\"canonical\" href=\"http:\/\/brifat.pt\/en\/products\/blocks\/produto-exemplo-1-copia\/\" \/>\n<meta property=\"og:locale\" content=\"en_US\" \/>\n<meta property=\"og:type\" content=\"article\" \/>\n<meta property=\"og:title\" content=\"Produto Exemplo 2 - Brifat - Britas e Transportes, Lda.\" \/>\n<meta property=\"og:description\" content=\"Lorem ipsum dolor sit amet, consectetur adipiscing elit. Nullam viverra felis nisi, ac elementum lectus consequat in. Praesent sit amet mollis quam. Quisque at risus fermentum, posuere massa et, tincidunt arcu. Fusce purus enim, condimentum vel neque in, convallis finibus...\" \/>\n<meta property=\"og:url\" content=\"http:\/\/brifat.pt\/en\/products\/blocks\/produto-exemplo-1-copia\/\" \/>\n<meta property=\"og:site_name\" content=\"Brifat - Britas e Transportes, Lda.\" \/>\n<meta property=\"article:modified_time\" content=\"2017-05-09T15:33:18+00:00\" \/>\n<meta name=\"twitter:card\" content=\"summary_large_image\" \/>\n<script type=\"application\/ld+json\" class=\"yoast-schema-graph\">{\"@context\":\"https:\/\/schema.org\",\"@graph\":[{\"@type\":\"WebSite\",\"@id\":\"http:\/\/brifat.pt\/en\/#website\",\"url\":\"http:\/\/brifat.pt\/en\/\",\"name\":\"Brifat - Britas e Transportes, Lda.\",\"description\":\"Comercializa\\u00e7\\u00e3o de britas, tout-venant, filler e pedra ornamental de origem calc\\u00e1ria.\",\"potentialAction\":[{\"@type\":\"SearchAction\",\"target\":{\"@type\":\"EntryPoint\",\"urlTemplate\":\"http:\/\/brifat.pt\/en\/?s={search_term_string}\"},\"query-input\":\"required name=search_term_string\"}],\"inLanguage\":\"en-US\"},{\"@type\":\"WebPage\",\"@id\":\"http:\/\/brifat.pt\/en\/products\/blocks\/produto-exemplo-1-copia\/#webpage\",\"url\":\"http:\/\/brifat.pt\/en\/products\/blocks\/produto-exemplo-1-copia\/\",\"name\":\"Produto Exemplo 2 - Brifat - Britas e Transportes, Lda.\",\"isPartOf\":{\"@id\":\"http:\/\/brifat.pt\/en\/#website\"},\"datePublished\":\"2017-05-09T15:28:29+00:00\",\"dateModified\":\"2017-05-09T15:33:18+00:00\",\"breadcrumb\":{\"@id\":\"http:\/\/brifat.pt\/en\/products\/blocks\/produto-exemplo-1-copia\/#breadcrumb\"},\"inLanguage\":\"en-US\",\"potentialAction\":[{\"@type\":\"ReadAction\",\"target\":[\"http:\/\/brifat.pt\/en\/products\/blocks\/produto-exemplo-1-copia\/\"]}]},{\"@type\":\"BreadcrumbList\",\"@id\":\"http:\/\/brifat.pt\/en\/products\/blocks\/produto-exemplo-1-copia\/#breadcrumb\",\"itemListElement\":[{\"@type\":\"ListItem\",\"position\":1,\"name\":\"In\\u00edcio\",\"item\":\"http:\/\/brifat.pt\/en\/\"},{\"@type\":\"ListItem\",\"position\":2,\"name\":\"Products\",\"item\":\"http:\/\/brifat.pt\/en\/shop\/\"},{\"@type\":\"ListItem\",\"position\":3,\"name\":\"Produto Exemplo 2\"}]}]}<\/script>\n<!-- \/ Yoast SEO plugin. -->","yoast_head_json":{"title":"Produto Exemplo 2 - Brifat - Britas e Transportes, Lda.","robots":{"index":"index","follow":"follow","max-snippet":"max-snippet:-1","max-image-preview":"max-image-preview:large","max-video-preview":"max-video-preview:-1"},"canonical":"http:\/\/brifat.pt\/en\/products\/blocks\/produto-exemplo-1-copia\/","og_locale":"en_US","og_type":"article","og_title":"Produto Exemplo 2 - Brifat - Britas e Transportes, Lda.","og_description":"Lorem ipsum dolor sit amet, consectetur adipiscing elit. Nullam viverra felis nisi, ac elementum lectus consequat in. Praesent sit amet mollis quam. Quisque at risus fermentum, posuere massa et, tincidunt arcu. Fusce purus enim, condimentum vel neque in, convallis finibus...","og_url":"http:\/\/brifat.pt\/en\/products\/blocks\/produto-exemplo-1-copia\/","og_site_name":"Brifat - Britas e Transportes, Lda.","article_modified_time":"2017-05-09T15:33:18+00:00","twitter_card":"summary_large_image","schema":{"@context":"https:\/\/schema.org","@graph":[{"@type":"WebSite","@id":"http:\/\/brifat.pt\/en\/#website","url":"http:\/\/brifat.pt\/en\/","name":"Brifat - Britas e Transportes, Lda.","description":"Comercializa\u00e7\u00e3o de britas, tout-venant, filler e pedra ornamental de origem calc\u00e1ria.","potentialAction":[{"@type":"SearchAction","target":{"@type":"EntryPoint","urlTemplate":"http:\/\/brifat.pt\/en\/?s={search_term_string}"},"query-input":"required name=search_term_string"}],"inLanguage":"en-US"},{"@type":"WebPage","@id":"http:\/\/brifat.pt\/en\/products\/blocks\/produto-exemplo-1-copia\/#webpage","url":"http:\/\/brifat.pt\/en\/products\/blocks\/produto-exemplo-1-copia\/","name":"Produto Exemplo 2 - Brifat - Britas e Transportes, Lda.","isPartOf":{"@id":"http:\/\/brifat.pt\/en\/#website"},"datePublished":"2017-05-09T15:28:29+00:00","dateModified":"2017-05-09T15:33:18+00:00","breadcrumb":{"@id":"http:\/\/brifat.pt\/en\/products\/blocks\/produto-exemplo-1-copia\/#breadcrumb"},"inLanguage":"en-US","potentialAction":[{"@type":"ReadAction","target":["http:\/\/brifat.pt\/en\/products\/blocks\/produto-exemplo-1-copia\/"]}]},{"@type":"BreadcrumbList","@id":"http:\/\/brifat.pt\/en\/products\/blocks\/produto-exemplo-1-copia\/#breadcrumb","itemListElement":[{"@type":"ListItem","position":1,"name":"In\u00edcio","item":"http:\/\/brifat.pt\/en\/"},{"@type":"ListItem","position":2,"name":"Products","item":"http:\/\/brifat.pt\/en\/shop\/"},{"@type":"ListItem","position":3,"name":"Produto Exemplo 2"}]}]}},"_links":{"self":[{"href":"http:\/\/brifat.pt\/en\/wp-json\/wp\/v2\/product\/848"}],"collection":[{"href":"http:\/\/brifat.pt\/en\/wp-json\/wp\/v2\/product"}],"about":[{"href":"http:\/\/brifat.pt\/en\/wp-json\/wp\/v2\/types\/product"}],"wp:attachment":[{"href":"http:\/\/brifat.pt\/en\/wp-json\/wp\/v2\/media?parent=848"}],"curies":[{"name":"wp","href":"https:\/\/api.w.org\/{rel}","templated":true}]}}